{"id":1231,"date":"2018-05-07T09:58:57","date_gmt":"2018-05-07T09:58:57","guid":{"rendered":"http:\/\/192.168.0.105\/poster\/?page_id=1231"},"modified":"2020-09-27T14:05:58","modified_gmt":"2020-09-27T18:05:58","slug":"about","status":"publish","type":"page","link":"https:\/\/thehighlight.com.do\/site\/about\/","title":{"rendered":"Nosotros"},"content":{"rendered":"<div class=\"wpb-content-wrapper\"><p>[vc_row full_width=&#8221;stretch_row&#8221; el_class=&#8221;rs-about&#8221; css=&#8221;.vc_custom_1527584044581{padding-top: 92px !important;padding-bottom: 67px !important;}&#8221; el_id=&#8221;rs-about&#8221;][vc_column width=&#8221;1\/2&#8243; el_class=&#8221;left-image&#8221; css=&#8221;.vc_custom_1527580303363{padding-bottom: 0px !important;}&#8221;]\r\n        <div class=\"rs-heading   \">\r\n        \t<div class=\"title-inner\">\r\n\t            \r\n\t            <h2>Quienes Somos?<\/h2>\r\n\t        <\/div><\/div>[vc_column_text css=&#8221;.vc_custom_1601151390378{margin-bottom: 0px !important;}&#8221;]<\/p>\n<div>\n<p>Somos una empresa de servicio competitivo, efectivo y eficiente en el \u00e1rea de producci\u00f3n publicitaria &amp; creaci\u00f3n de contenido para RRSS.<\/p>\n<p>Contamos con colaboradores profesionales en diferentes \u00e1reas de la industria; con miras a ofrecer la m\u00e1s alta calidad en cada ejecuci\u00f3n.<\/p>\n<h4 style=\"color: #f2d92a; text-shadow: 1px 1px 1px #767676;\">A quien nos dirigimos<\/h4>\n<p>Principalmente a agencias publicitarias, empresas y marcas que buscan un servicio completo de fotograf\u00eda para redes sociales, y \u00bfporque no? Para publicidad.<\/p>\n<p>Al p\u00fablico en general interesado den generar contenido para las diferentes plataformas de redes sociales.<\/p>\n<\/div>\n<p>[\/vc_column_text][\/vc_column][vc_column width=&#8221;1\/2&#8243; css=&#8221;.vc_custom_1527583152858{background-position: center !important;background-repeat: no-repeat !important;background-size: cover !important;}&#8221;]\r\n        <div class=\"rs-heading  mmt-40 \">\r\n        \t<div class=\"title-inner\">\r\n\t            \r\n\t            <h2>Misi\u00f3n<\/h2>\r\n\t        <\/div><\/div>[vc_column_text]<\/p>\n<p>Ofrecer un servicio retail competitivo en calidad y precio.<\/p>\n<p>[\/vc_column_text]\r\n        <div class=\"rs-heading  mmt-40 \">\r\n        \t<div class=\"title-inner\">\r\n\t            \r\n\t            <h2>Visi\u00f3n<\/h2>\r\n\t        <\/div><\/div>[vc_column_text]<\/p>\n<ul>\n<li><strong>Personas:<\/strong> Ser un buen lugar donde trabajar, que las personas se sientan inspiradas para dar cada d\u00eda lo mejor de s\u00ed mismas.<\/li>\n<li><strong>Bebidas:<\/strong> Ofrecer una variada cartera de productos de calidad que se anticipen y satisfagan los deseos y necesidades de los consumidores.<\/li>\n<li><strong>Socios:<\/strong> Desarrollar una red de trabajo para crear un valor com\u00fan y duradero.<\/li>\n<li><strong>Planeta:<\/strong> Ser un ciudadano responsable que marque la diferencia al ayudar a construir y apoyar comunidades sostenibles.<\/li>\n<li><strong>Beneficio:<\/strong> Maximizar el rendimiento para los accionistas al tiempo que se tienen presentes las responsabilidades generales de la Compa\u00f1\u00eda.<\/li>\n<li><strong>Productividad:<\/strong> Ser una organizaci\u00f3n eficaz y din\u00e1mica.<\/li>\n<\/ul>\n<p>[\/vc_column_text][\/vc_column][\/vc_row][vc_row full_width=&#8221;stretch_row_content_no_spaces&#8221; content_placement=&#8221;middle&#8221; css=&#8221;.vc_custom_1527835103753{padding-top: 0px !important;padding-right: 9% !important;padding-bottom: 0px !important;background-color: #f8f8f8 !important;}&#8221; el_id=&#8221;rs-skills&#8221; el_class=&#8221;rs-skills skillbar&#8221;][vc_column width=&#8221;1\/2&#8243; css=&#8221;.vc_custom_1527835113200{padding-top: 0px !important;padding-right: 0px !important;padding-bottom: 0px !important;padding-left: 0px !important;}&#8221; el_class=&#8221;left_img&#8221;][vc_single_image image=&#8221;2076&#8243; img_size=&#8221;full&#8221; css=&#8221;.vc_custom_1527758526085{margin-bottom: 0px !important;}&#8221;][\/vc_column][vc_column width=&#8221;1\/2&#8243; css=&#8221;.vc_custom_1527582596595{padding-top: 0px !important;padding-right: 0px !important;padding-bottom: 0px !important;padding-left: 60px !important;}&#8221;][vc_progress_bar values=&#8221;%5B%7B%22label%22%3A%22Produccion%20Fotografica%22%2C%22value%22%3A%2295%22%7D%2C%7B%22label%22%3A%22Produccion%20de%20Video%22%2C%22value%22%3A%2280%22%7D%2C%7B%22label%22%3A%22Maquillaje%22%2C%22value%22%3A%2285%22%7D%2C%7B%22label%22%3A%22Food%20Styling%22%2C%22value%22%3A%2280%22%7D%2C%7B%22label%22%3A%22Web%22%2C%22value%22%3A%2275%22%7D%5D&#8221; bgcolor=&#8221;black&#8221; options=&#8221;striped,animated&#8221; units=&#8221;%&#8221;][\/vc_column][\/vc_row][vc_row full_width=&#8221;stretch_row&#8221; css=&#8221;.vc_custom_1527584713826{padding-top: 66px !important;padding-bottom: 65px !important;}&#8221; el_id=&#8221;rs-services&#8221; el_class=&#8221;service-square-effect&#8221;][vc_column][vc_row_inner][vc_column_inner width=&#8221;1\/3&#8243;]<div class=\"rs-services\"><div class=\"service-inner services-style-2 left \">\r\n\t\t\t\t<div class=\"services-wrap\"> \r\n\t\t\t        <div class=\"services-item\">\r\n\t\t\t            <div class=\"services-icon\">\r\n\t\t\t                <a ><img decoding=\"async\" src=\"https:\/\/thehighlight.com.do\/site\/wp-content\/uploads\/2020\/09\/photography-2.png\" alt=\"Rs-service\" \/><\/a>\r\n\t\t\t            <\/div>\r\n\t\t\t\t\t\t<h3 class=\"services-title services-title2\"><a >Fotograf\u00eda &amp; Talentos<\/a><\/h3>       \r\n\t\t\t\t\t\t<div class=\"services-desc\">\t\t\t\r\n\t\t\t\t\t\t\tOfrecemos servicios de fotograf\u00eda profesional, desde fotograf\u00eda comercial para redes sociales, fotograf\u00eda de estudio y fotograf\u00eda para cobertura de eventos. \r\n\t\t\t\t\t\t<\/div>\t\t\r\n\t\t\t\t\t<\/div>\t\r\n\t\t\t\t<\/div>\r\n\t\t<\/div><\/div>[\/vc_column_inner][vc_column_inner width=&#8221;1\/3&#8243;]<div class=\"rs-services\"><div class=\"service-inner services-style-2 left \">\r\n\t\t\t\t<div class=\"services-wrap\"> \r\n\t\t\t        <div class=\"services-item\">\r\n\t\t\t            <div class=\"services-icon\">\r\n\t\t\t                <a ><img decoding=\"async\" src=\"https:\/\/thehighlight.com.do\/site\/wp-content\/uploads\/2020\/09\/makeup-2.png\" alt=\"Rs-service\" \/><\/a>\r\n\t\t\t            <\/div>\r\n\t\t\t\t\t\t<h3 class=\"services-title services-title2\"><a >Maquillaje &amp; Estilismo<\/a><\/h3>       \r\n\t\t\t\t\t\t<div class=\"services-desc\">\t\t\t\r\n\t\t\t\t\t\t\tEn The Highlight ofrecemos servicios de maquillaje, asegurando el profesionalismo de nuestras maquilladoras as\u00ed como la calidad de los productos con los cuales trabajamos. \r\n\t\t\t\t\t\t<\/div>\t\t\r\n\t\t\t\t\t<\/div>\t\r\n\t\t\t\t<\/div>\r\n\t\t<\/div><\/div>[\/vc_column_inner][vc_column_inner width=&#8221;1\/3&#8243;]<div class=\"rs-services\"><div class=\"service-inner services-style-2 left \">\r\n\t\t\t\t<div class=\"services-wrap\"> \r\n\t\t\t        <div class=\"services-item\">\r\n\t\t\t            <div class=\"services-icon\">\r\n\t\t\t                <a ><img decoding=\"async\" src=\"https:\/\/thehighlight.com.do\/site\/wp-content\/uploads\/2020\/09\/events-2.png\" alt=\"Rs-service\" \/><\/a>\r\n\t\t\t            <\/div>\r\n\t\t\t\t\t\t<h3 class=\"services-title services-title2\"><a >Eventos &amp; Reuniones<\/a><\/h3>       \r\n\t\t\t\t\t\t<div class=\"services-desc\">\t\t\t\r\n\t\t\t\t\t\t\tOfrecemos servicios de organizaci\u00f3n de eventos en domicilio y locales: Buffet, Decoraci\u00f3n de local o domicilio con tules, decoraci\u00f3n mesa principal en telas. \r\n\t\t\t\t\t\t<\/div>\t\t\r\n\t\t\t\t\t<\/div>\t\r\n\t\t\t\t<\/div>\r\n\t\t<\/div><\/div>[\/vc_column_inner][\/vc_row_inner][\/vc_column][\/vc_row][vc_row full_width=&#8221;stretch_row&#8221; parallax=&#8221;content-moving&#8221; parallax_image=&#8221;2859&#8243; el_id=&#8221;rs-testimonial&#8221; css=&#8221;.vc_custom_1527919583888{padding-top: 64px !important;padding-bottom: 100px !important;background-color: #f8f8f8 !important;}&#8221;][vc_column]<div id=\"cl-testimonial\" class=\"rs-testimonial testimonials-area slider8\">\r\n\t\t\t\t    <div class=\"container inner-testimonials hide_bullet\">                \r\n\t\t\t\t\t<div class=\"row inner\">       \r\n\t\t\t                <div class=\"slider testimonials\"><div class=\"images-testimonial\"><div class=\"img\">\r\n\t\t\t                        <img decoding=\"async\" src=\"https:\/\/thehighlight.com.do\/site\/wp-content\/uploads\/2018\/04\/carolina.png\" alt=\"Client Image\">\r\n\t\t\t                    <\/div>\r\n\t\t\t                    <p style=\"color:#606060\"><i class=\"fa fa-quote-left\" style=\"color:#606060\"><\/i> Conf\u00edo ciegamente en el trabajo y el servicio que brindan, tienen un personal muy capacitado.<\/p>\r\n\t\t\t                    <ul>\r\n\t\t\t                    <li style=\"color:#606060\">Carolina Santos <\/li>\r\n\t\t\t                    <li style=\"color:#606060\">Maquillaje<\/li><li class=\"ratings\"><img decoding=\"async\" src=\"https:\/\/thehighlight.com.do\/site\/wp-content\/plugins\/cl_testimonial\/inc\/testimonial\/\/img\/4.5.png\" alt=\"\"\/><\/li><\/ul><\/div><\/div>               \r\n\r\n\t\t\t                <div class=\"slider testimonials-nav\"><div class=\"images-slide-testimonial\">\r\n\t\t\t                        <img decoding=\"async\" src=\"https:\/\/thehighlight.com.do\/site\/wp-content\/uploads\/2018\/04\/carolina.png\" alt=\"Client Image\">\r\n\t\t\t                    <\/div> <\/div><\/div><\/div>\r\n\t\t\t<\/div>[\/vc_column][\/vc_row][vc_row full_width=&#8221;stretch_row&#8221; css=&#8221;.vc_custom_1527919650112{padding-top: 64px !important;padding-bottom: 30px !important;background-color: #fcfcfc !important;}&#8221; el_id=&#8221;rs-clients&#8221;][vc_column][vc_row_inner][vc_column_inner el_class=&#8221;client-logo&#8221; width=&#8221;1\/4&#8243;][vc_single_image image=&#8221;2330&#8243; img_size=&#8221;full&#8221; alignment=&#8221;center&#8221; onclick=&#8221;custom_link&#8221; link=&#8221;#&#8221;][\/vc_column_inner][vc_column_inner el_class=&#8221;client-logo&#8221; width=&#8221;1\/4&#8243;][vc_single_image image=&#8221;2334&#8243; img_size=&#8221;full&#8221; alignment=&#8221;center&#8221; onclick=&#8221;custom_link&#8221; link=&#8221;#&#8221;][\/vc_column_inner][vc_column_inner el_class=&#8221;client-logo&#8221; width=&#8221;1\/4&#8243;][vc_single_image image=&#8221;2333&#8243; img_size=&#8221;full&#8221; alignment=&#8221;center&#8221; onclick=&#8221;custom_link&#8221; link=&#8221;#&#8221;][\/vc_column_inner][vc_column_inner el_class=&#8221;client-logo&#8221; width=&#8221;1\/4&#8243;][vc_single_image image=&#8221;2332&#8243; img_size=&#8221;full&#8221; alignment=&#8221;center&#8221; onclick=&#8221;custom_link&#8221; link=&#8221;#&#8221;][\/vc_column_inner][\/vc_row_inner][vc_row_inner][vc_column_inner el_class=&#8221;client-logo&#8221; width=&#8221;1\/4&#8243;][vc_single_image image=&#8221;2331&#8243; img_size=&#8221;full&#8221; alignment=&#8221;center&#8221; onclick=&#8221;custom_link&#8221; link=&#8221;#&#8221;][\/vc_column_inner][\/vc_row_inner][vc_column_text]<\/p>\n<p>[\/vc_column_text][\/vc_column][\/vc_row]<\/p>\n<\/div>","protected":false},"excerpt":{"rendered":"<p>[vc_row full_width=&#8221;stretch_row&#8221; el_class=&#8221;rs-about&#8221; css=&#8221;.vc_custom_1527584044581{padding-top: 92px !important;padding-bottom: 67px !important;}&#8221; el_id=&#8221;rs-about&#8221;][vc_column width=&#8221;1\/2&#8243; el_class=&#8221;left-image&#8221; css=&#8221;.vc_custom_1527580303363{padding-bottom: 0px !important;}&#8221;][vc_column_text css=&#8221;.vc_custom_1601151390378{margin-bottom: 0px !important;}&#8221;] Somos una empresa [&hellip;]<\/p>\n","protected":false},"author":1,"featured_media":0,"parent":0,"menu_order":0,"comment_status":"closed","ping_status":"closed","template":"","meta":{"footnotes":""},"class_list":["post-1231","page","type-page","status-publish","hentry"],"aioseo_notices":[],"jetpack_sharing_enabled":true,"_links":{"self":[{"href":"https:\/\/thehighlight.com.do\/site\/wp-json\/wp\/v2\/pages\/1231","targetHints":{"allow":["GET"]}}],"collection":[{"href":"https:\/\/thehighlight.com.do\/site\/wp-json\/wp\/v2\/pages"}],"about":[{"href":"https:\/\/thehighlight.com.do\/site\/wp-json\/wp\/v2\/types\/page"}],"author":[{"embeddable":true,"href":"https:\/\/thehighlight.com.do\/site\/wp-json\/wp\/v2\/users\/1"}],"replies":[{"embeddable":true,"href":"https:\/\/thehighlight.com.do\/site\/wp-json\/wp\/v2\/comments?post=1231"}],"version-history":[{"count":11,"href":"https:\/\/thehighlight.com.do\/site\/wp-json\/wp\/v2\/pages\/1231\/revisions"}],"predecessor-version":[{"id":2425,"href":"https:\/\/thehighlight.com.do\/site\/wp-json\/wp\/v2\/pages\/1231\/revisions\/2425"}],"wp:attachment":[{"href":"https:\/\/thehighlight.com.do\/site\/wp-json\/wp\/v2\/media?parent=1231"}],"curies":[{"name":"wp","href":"https:\/\/api.w.org\/{rel}","templated":true}]}}