{"id":1358,"date":"2018-05-21T07:05:48","date_gmt":"2018-05-21T07:05:48","guid":{"rendered":"http:\/\/192.168.0.102\/poster\/?page_id=1358"},"modified":"2022-03-08T10:40:00","modified_gmt":"2022-03-08T14:40:00","slug":"home-two","status":"publish","type":"page","link":"https:\/\/thehighlight.com.do\/site\/","title":{"rendered":"Home"},"content":{"rendered":"<div class=\"wpb-content-wrapper\"><p>[vc_row full_width=&#8221;stretch_row&#8221; content_placement=&#8221;middle&#8221; shape=&#8221;Shape2&#8243; css=&#8221;.vc_custom_1601134981099{padding-top: 215px !important;padding-bottom: 230px !important;background-image: url(https:\/\/thehighlight.com.do\/site\/wp-content\/uploads\/2020\/09\/header_camaras9.png?id=2281) !important;background-position: center !important;background-repeat: no-repeat !important;background-size: cover !important;}&#8221; el_class=&#8221;bg-fixed image-banner&#8221;][vc_column css=&#8221;.vc_custom_1527138944408{margin-top: 0px !important;margin-bottom: 0px !important;padding-top: 0px !important;}&#8221;]<div class=\"rs-header-title header-center  width50 header-title-square-effect\">         \r\n        \t\t<h1 class=\"title\">Productions<\/h1><h2 class=\"introtext\" >\u2022|Photo \u2022|Film \u2022|Casting \u2022|Events<\/h2><\/div>[\/vc_column][\/vc_row][vc_row full_width=&#8221;stretch_row&#8221; css=&#8221;.vc_custom_1527498423597{padding-top: 55px !important;padding-bottom: 70px !important;background-color: #f5f5f5 !important;}&#8221; el_id=&#8221;rs-portfolio&#8221; el_class=&#8221;rs-portfolio&#8221;][vc_column]<div class=\"rs-portfolio-style4  \">\r\n\t\t<div class=\"\"><div class=\"portfolio-filter  filter-center\">\r\n\t\t                <button class=\"active\" data-filter=\"*\">Todos<\/button><button data-filter=\".filter_casting\">Casting<\/button><button data-filter=\".filter_crafty\">Crafty<\/button><button data-filter=\".filter_arte\">Direcci\u00f3n de Arte<\/button><button data-filter=\".filter_filmacion\">Filmaci\u00f3n<\/button><button data-filter=\".filter_food\">Food Styling<\/button><button data-filter=\".filter_fotografia\">Fotograf\u00eda<\/button><button data-filter=\".filter_glam\">Glam<\/button> <\/div><div class=\"row\"> <div class=\"grid\">\r\n\t\t\t\t\r\n\t\t\t\t<div class=\"col-md-3  col-xs-6 grid-item mb-30 filter_food filter_glam \">\r\n                            <div class=\"portfolio-item\">\r\n                                <div class=\"portfolio-img\">\r\n\r\n                                   <img decoding=\"async\" src=\"https:\/\/thehighlight.com.do\/site\/wp-content\/uploads\/2022\/03\/PORTADA-salud.png\" alt=\"Salud &#038; Deporte 2021\" \/><a class=\"image-popup p-zoom\" href=\"https:\/\/thehighlight.com.do\/site\/wp-content\/uploads\/2022\/03\/PORTADA-salud.png\">\r\n\t                                        <span class=\"vc_icon_element-icon fab fa-accessible-icon\"><\/span>\r\n\t                                    <\/a><\/div>\r\n                                <div class=\"portfolio-content\">\r\n                                    <div class=\"vertical-middle\">\r\n                                        <div class=\"vertical-middle-cell\"><h3 class=\"p-title\"><a href=\"https:\/\/thehighlight.com.do\/site\/portfolios\/salud-deporte-2021\/\">Salud &#038; Deporte 2021<\/a><\/h3><p class=\"p-category\"> <a href=\"https:\/\/thehighlight.com.do\/site\/portfolio-category\/food\/\" rel=\"tag\">Food Styling<\/a>, <a href=\"https:\/\/thehighlight.com.do\/site\/portfolio-category\/glam\/\" rel=\"tag\">Glam<\/a><\/p>\r\n                                        <\/div>\r\n                                    <\/div>\r\n                                <\/div>\r\n                            <\/div>\r\n                        <\/div>\r\n\t\t\t\t\r\n\t\t\t\t<div class=\"col-md-3  col-xs-6 grid-item mb-30 filter_casting filter_arte filter_food filter_fotografia filter_glam filter_produccion \">\r\n                            <div class=\"portfolio-item\">\r\n                                <div class=\"portfolio-img\">\r\n\r\n                                   <img decoding=\"async\" src=\"https:\/\/thehighlight.com.do\/site\/wp-content\/uploads\/2022\/03\/KV-Picnic.png\" alt=\"Verano 2021\" \/><a class=\"image-popup p-zoom\" href=\"https:\/\/thehighlight.com.do\/site\/wp-content\/uploads\/2022\/03\/KV-Picnic.png\">\r\n\t                                        <span class=\"vc_icon_element-icon fab fa-accessible-icon\"><\/span>\r\n\t                                    <\/a><\/div>\r\n                                <div class=\"portfolio-content\">\r\n                                    <div class=\"vertical-middle\">\r\n                                        <div class=\"vertical-middle-cell\"><h3 class=\"p-title\"><a href=\"https:\/\/thehighlight.com.do\/site\/portfolios\/verano-2021\/\">Verano 2021<\/a><\/h3><p class=\"p-category\"> <a href=\"https:\/\/thehighlight.com.do\/site\/portfolio-category\/casting\/\" rel=\"tag\">Casting<\/a>, <a href=\"https:\/\/thehighlight.com.do\/site\/portfolio-category\/arte\/\" rel=\"tag\">Direcci\u00f3n de Arte<\/a>, <a href=\"https:\/\/thehighlight.com.do\/site\/portfolio-category\/food\/\" rel=\"tag\">Food Styling<\/a>, <a href=\"https:\/\/thehighlight.com.do\/site\/portfolio-category\/fotografia\/\" rel=\"tag\">Fotograf\u00eda<\/a>, <a href=\"https:\/\/thehighlight.com.do\/site\/portfolio-category\/glam\/\" rel=\"tag\">Glam<\/a>, <a href=\"https:\/\/thehighlight.com.do\/site\/portfolio-category\/produccion\/\" rel=\"tag\">Producci\u00f3n<\/a><\/p>\r\n                                        <\/div>\r\n                                    <\/div>\r\n                                <\/div>\r\n                            <\/div>\r\n                        <\/div>\r\n\t\t\t\t\r\n\t\t\t\t<div class=\"col-md-3  col-xs-6 grid-item mb-30 filter_crafty filter_arte filter_glam filter_produccion \">\r\n                            <div class=\"portfolio-item\">\r\n                                <div class=\"portfolio-img\">\r\n\r\n                                   <img decoding=\"async\" src=\"https:\/\/thehighlight.com.do\/site\/wp-content\/uploads\/2022\/03\/LYO-POST-SGO-A-copy.png\" alt=\"Limpieza &#038; Organizaci\u00f3n\" \/><a class=\"image-popup p-zoom\" href=\"https:\/\/thehighlight.com.do\/site\/wp-content\/uploads\/2022\/03\/LYO-POST-SGO-A-copy.png\">\r\n\t                                        <span class=\"vc_icon_element-icon fab fa-accessible-icon\"><\/span>\r\n\t                                    <\/a><\/div>\r\n                                <div class=\"portfolio-content\">\r\n                                    <div class=\"vertical-middle\">\r\n                                        <div class=\"vertical-middle-cell\"><h3 class=\"p-title\"><a href=\"https:\/\/thehighlight.com.do\/site\/portfolios\/limpieza-organizacion\/\">Limpieza &#038; Organizaci\u00f3n<\/a><\/h3><p class=\"p-category\"> <a href=\"https:\/\/thehighlight.com.do\/site\/portfolio-category\/crafty\/\" rel=\"tag\">Crafty<\/a>, <a href=\"https:\/\/thehighlight.com.do\/site\/portfolio-category\/arte\/\" rel=\"tag\">Direcci\u00f3n de Arte<\/a>, <a href=\"https:\/\/thehighlight.com.do\/site\/portfolio-category\/glam\/\" rel=\"tag\">Glam<\/a>, <a href=\"https:\/\/thehighlight.com.do\/site\/portfolio-category\/produccion\/\" rel=\"tag\">Producci\u00f3n<\/a><\/p>\r\n                                        <\/div>\r\n                                    <\/div>\r\n                                <\/div>\r\n                            <\/div>\r\n                        <\/div>\r\n\t\t\t\t\r\n\t\t\t\t<div class=\"col-md-3  col-xs-6 grid-item mb-30 filter_casting filter_fotografia filter_glam \">\r\n                            <div class=\"portfolio-item\">\r\n                                <div class=\"portfolio-img\">\r\n\r\n                                   <img decoding=\"async\" src=\"https:\/\/thehighlight.com.do\/site\/wp-content\/uploads\/2018\/05\/nuvi.png\" alt=\"Botellista\" \/><a class=\"image-popup p-zoom\" href=\"https:\/\/thehighlight.com.do\/site\/wp-content\/uploads\/2018\/05\/nuvi.png\">\r\n\t                                        <span class=\"vc_icon_element-icon fab fa-accessible-icon\"><\/span>\r\n\t                                    <\/a><\/div>\r\n                                <div class=\"portfolio-content\">\r\n                                    <div class=\"vertical-middle\">\r\n                                        <div class=\"vertical-middle-cell\"><h3 class=\"p-title\"><a href=\"https:\/\/thehighlight.com.do\/site\/portfolios\/nuvi\/\">Botellista<\/a><\/h3><p class=\"p-category\"> <a href=\"https:\/\/thehighlight.com.do\/site\/portfolio-category\/casting\/\" rel=\"tag\">Casting<\/a>, <a href=\"https:\/\/thehighlight.com.do\/site\/portfolio-category\/fotografia\/\" rel=\"tag\">Fotograf\u00eda<\/a>, <a href=\"https:\/\/thehighlight.com.do\/site\/portfolio-category\/glam\/\" rel=\"tag\">Glam<\/a><\/p>\r\n                                        <\/div>\r\n                                    <\/div>\r\n                                <\/div>\r\n                            <\/div>\r\n                        <\/div>\r\n\t\t\t\t\r\n\t\t\t\t<div class=\"col-md-3  col-xs-6 grid-item mb-30 filter_food \">\r\n                            <div class=\"portfolio-item\">\r\n                                <div class=\"portfolio-img\">\r\n\r\n                                   <img decoding=\"async\" src=\"https:\/\/thehighlight.com.do\/site\/wp-content\/uploads\/2018\/05\/master.png\" alt=\"Master Cut Box\" \/><a class=\"image-popup p-zoom\" href=\"https:\/\/thehighlight.com.do\/site\/wp-content\/uploads\/2018\/05\/master.png\">\r\n\t                                        <span class=\"vc_icon_element-icon fab fa-accessible-icon\"><\/span>\r\n\t                                    <\/a><\/div>\r\n                                <div class=\"portfolio-content\">\r\n                                    <div class=\"vertical-middle\">\r\n                                        <div class=\"vertical-middle-cell\"><h3 class=\"p-title\"><a href=\"https:\/\/thehighlight.com.do\/site\/portfolios\/master-cut-box\/\">Master Cut Box<\/a><\/h3><p class=\"p-category\"> <a href=\"https:\/\/thehighlight.com.do\/site\/portfolio-category\/food\/\" rel=\"tag\">Food Styling<\/a><\/p>\r\n                                        <\/div>\r\n                                    <\/div>\r\n                                <\/div>\r\n                            <\/div>\r\n                        <\/div>\r\n\t\t\t\t\r\n\t\t\t\t<div class=\"col-md-3  col-xs-6 grid-item mb-30 filter_crafty filter_glam \">\r\n                            <div class=\"portfolio-item\">\r\n                                <div class=\"portfolio-img\">\r\n\r\n                                   <img decoding=\"async\" src=\"https:\/\/thehighlight.com.do\/site\/wp-content\/uploads\/2018\/05\/limpieza.png\" alt=\"Limpiar est\u00e1 de Moda\" \/><a class=\"image-popup p-zoom\" href=\"https:\/\/thehighlight.com.do\/site\/wp-content\/uploads\/2018\/05\/limpieza.png\">\r\n\t                                        <span class=\"vc_icon_element-icon fab fa-accessible-icon\"><\/span>\r\n\t                                    <\/a><\/div>\r\n                                <div class=\"portfolio-content\">\r\n                                    <div class=\"vertical-middle\">\r\n                                        <div class=\"vertical-middle-cell\"><h3 class=\"p-title\"><a href=\"https:\/\/thehighlight.com.do\/site\/portfolios\/limpiar-esta-de-moda\/\">Limpiar est\u00e1 de Moda<\/a><\/h3><p class=\"p-category\"> <a href=\"https:\/\/thehighlight.com.do\/site\/portfolio-category\/crafty\/\" rel=\"tag\">Crafty<\/a>, <a href=\"https:\/\/thehighlight.com.do\/site\/portfolio-category\/glam\/\" rel=\"tag\">Glam<\/a><\/p>\r\n                                        <\/div>\r\n                                    <\/div>\r\n                                <\/div>\r\n                            <\/div>\r\n                        <\/div>\r\n\t\t\t\t\r\n\t\t\t\t<div class=\"col-md-3  col-xs-6 grid-item mb-30 filter_casting filter_filmacion filter_glam filter_produccion \">\r\n                            <div class=\"portfolio-item\">\r\n                                <div class=\"portfolio-img\">\r\n\r\n                                   <img decoding=\"async\" src=\"https:\/\/thehighlight.com.do\/site\/wp-content\/uploads\/2018\/05\/safe.png\" alt=\"Playa Clean Standards\" \/><a class=\"image-popup p-zoom\" href=\"https:\/\/thehighlight.com.do\/site\/wp-content\/uploads\/2018\/05\/safe.png\">\r\n\t                                        <span class=\"vc_icon_element-icon fab fa-accessible-icon\"><\/span>\r\n\t                                    <\/a><\/div>\r\n                                <div class=\"portfolio-content\">\r\n                                    <div class=\"vertical-middle\">\r\n                                        <div class=\"vertical-middle-cell\"><h3 class=\"p-title\"><a href=\"https:\/\/thehighlight.com.do\/site\/portfolios\/playa-safe\/\">Playa Clean Standards<\/a><\/h3><p class=\"p-category\"> <a href=\"https:\/\/thehighlight.com.do\/site\/portfolio-category\/casting\/\" rel=\"tag\">Casting<\/a>, <a href=\"https:\/\/thehighlight.com.do\/site\/portfolio-category\/filmacion\/\" rel=\"tag\">Filmaci\u00f3n<\/a>, <a href=\"https:\/\/thehighlight.com.do\/site\/portfolio-category\/glam\/\" rel=\"tag\">Glam<\/a>, <a href=\"https:\/\/thehighlight.com.do\/site\/portfolio-category\/produccion\/\" rel=\"tag\">Producci\u00f3n<\/a><\/p>\r\n                                        <\/div>\r\n                                    <\/div>\r\n                                <\/div>\r\n                            <\/div>\r\n                        <\/div><\/div><\/div>\r\n\t\t\t\t<\/div><\/div>[\/vc_column][\/vc_row][vc_row full_width=&#8221;stretch_row&#8221; disable_element=&#8221;yes&#8221; css=&#8221;.vc_custom_1615052948341{padding-top: 66px !important;padding-bottom: 65px !important;}&#8221; el_id=&#8221;rs-services&#8221; el_class=&#8221;service-square-effect&#8221;][vc_column][vc_row_inner][vc_column_inner width=&#8221;1\/3&#8243;]<div class=\"rs-services\"><div class=\"service-inner services-style-2 left \">\r\n\t\t\t\t<div class=\"services-wrap\"> \r\n\t\t\t        <div class=\"services-item\">\r\n\t\t\t            <div class=\"services-icon\">\r\n\t\t\t                <a ><img decoding=\"async\" src=\"https:\/\/thehighlight.com.do\/site\/wp-content\/uploads\/2020\/09\/photography-2.png\" alt=\"Rs-service\" \/><\/a>\r\n\t\t\t            <\/div>\r\n\t\t\t\t\t\t<h3 class=\"services-title services-title2\"><a >Fotograf\u00eda &amp; Talentos<\/a><\/h3>       \r\n\t\t\t\t\t\t<div class=\"services-desc\">\t\t\t\r\n\t\t\t\t\t\t\tOfrecemos servicios de fotograf\u00eda profesional, desde fotograf\u00eda comercial para redes sociales, fotograf\u00eda de estudio y fotograf\u00eda para cobertura de eventos. \r\n\t\t\t\t\t\t<\/div>\t\t\r\n\t\t\t\t\t<\/div>\t\r\n\t\t\t\t<\/div>\r\n\t\t<\/div><\/div>[\/vc_column_inner][vc_column_inner width=&#8221;1\/3&#8243;]<div class=\"rs-services\"><div class=\"service-inner services-style-2 left \">\r\n\t\t\t\t<div class=\"services-wrap\"> \r\n\t\t\t        <div class=\"services-item\">\r\n\t\t\t            <div class=\"services-icon\">\r\n\t\t\t                <a ><img decoding=\"async\" src=\"https:\/\/thehighlight.com.do\/site\/wp-content\/uploads\/2020\/09\/makeup-2.png\" alt=\"Rs-service\" \/><\/a>\r\n\t\t\t            <\/div>\r\n\t\t\t\t\t\t<h3 class=\"services-title services-title2\"><a >Maquillaje &amp; Estilismo<\/a><\/h3>       \r\n\t\t\t\t\t\t<div class=\"services-desc\">\t\t\t\r\n\t\t\t\t\t\t\tEn The Highlight ofrecemos servicios de maquillaje, asegurando el profesionalismo de nuestras maquilladoras as\u00ed como la calidad de los productos con los cuales trabajamos. \r\n\t\t\t\t\t\t<\/div>\t\t\r\n\t\t\t\t\t<\/div>\t\r\n\t\t\t\t<\/div>\r\n\t\t<\/div><\/div>[\/vc_column_inner][vc_column_inner width=&#8221;1\/3&#8243;]<div class=\"rs-services\"><div class=\"service-inner services-style-2 left \">\r\n\t\t\t\t<div class=\"services-wrap\"> \r\n\t\t\t        <div class=\"services-item\">\r\n\t\t\t            <div class=\"services-icon\">\r\n\t\t\t                <a ><img decoding=\"async\" src=\"https:\/\/thehighlight.com.do\/site\/wp-content\/uploads\/2020\/09\/events-2.png\" alt=\"Rs-service\" \/><\/a>\r\n\t\t\t            <\/div>\r\n\t\t\t\t\t\t<h3 class=\"services-title services-title2\"><a >Eventos &amp; Reuniones<\/a><\/h3>       \r\n\t\t\t\t\t\t<div class=\"services-desc\">\t\t\t\r\n\t\t\t\t\t\t\tOfrecemos servicios de organizaci\u00f3n de eventos en domicilio y locales: Buffet, Decoraci\u00f3n de local o domicilio con tules, decoraci\u00f3n mesa principal en telas. \r\n\t\t\t\t\t\t<\/div>\t\t\r\n\t\t\t\t\t<\/div>\t\r\n\t\t\t\t<\/div>\r\n\t\t<\/div><\/div>[\/vc_column_inner][\/vc_row_inner][\/vc_column][\/vc_row][vc_row full_width=&#8221;stretch_row&#8221; css=&#8221;.vc_custom_1527753101550{padding-top: 55px !important;padding-bottom: 90px !important;background-image: url(http:\/\/www.keenitsolutions.com\/products\/wordpress\/mifo\/wp-content\/uploads\/2018\/05\/call-action.png?id=2055) !important;background-position: center !important;background-repeat: no-repeat !important;background-size: cover !important;}&#8221;][vc_column]<div class=\"rs-header-title header-center  width50 header-title-square-effect\">         \r\n        \t\t<h2 class=\"title\">Logramos tus objetivos de manera efectiva<\/h2><div class=\"header-button\">\r\n\t                    <a href=\"\/site\/contact\" title=\"\"  class=\"readon border smoothPortfolio\">Contactanos<\/a>\r\n\t                <\/div><\/div>[\/vc_column][\/vc_row]<\/p>\n<\/div>","protected":false},"excerpt":{"rendered":"<p>[vc_row full_width=&#8221;stretch_row&#8221; content_placement=&#8221;middle&#8221; shape=&#8221;Shape2&#8243; css=&#8221;.vc_custom_1601134981099{padding-top: 215px !important;padding-bottom: 230px !important;background-image: url(https:\/\/thehighlight.com.do\/site\/wp-content\/uploads\/2020\/09\/header_camaras9.png?id=2281) !important;background-position: center !important;background-repeat: no-repeat !important;background-size: cover !important;}&#8221; el_class=&#8221;bg-fixed image-banner&#8221;][vc_column css=&#8221;.vc_custom_1527138944408{margin-top: [&hellip;]<\/p>\n","protected":false},"author":1,"featured_media":0,"parent":0,"menu_order":0,"comment_status":"closed","ping_status":"closed","template":"","meta":{"footnotes":""},"class_list":["post-1358","page","type-page","status-publish","hentry"],"aioseo_notices":[],"jetpack_sharing_enabled":true,"_links":{"self":[{"href":"https:\/\/thehighlight.com.do\/site\/wp-json\/wp\/v2\/pages\/1358","targetHints":{"allow":["GET"]}}],"collection":[{"href":"https:\/\/thehighlight.com.do\/site\/wp-json\/wp\/v2\/pages"}],"about":[{"href":"https:\/\/thehighlight.com.do\/site\/wp-json\/wp\/v2\/types\/page"}],"author":[{"embeddable":true,"href":"https:\/\/thehighlight.com.do\/site\/wp-json\/wp\/v2\/users\/1"}],"replies":[{"embeddable":true,"href":"https:\/\/thehighlight.com.do\/site\/wp-json\/wp\/v2\/comments?post=1358"}],"version-history":[{"count":33,"href":"https:\/\/thehighlight.com.do\/site\/wp-json\/wp\/v2\/pages\/1358\/revisions"}],"predecessor-version":[{"id":2503,"href":"https:\/\/thehighlight.com.do\/site\/wp-json\/wp\/v2\/pages\/1358\/revisions\/2503"}],"wp:attachment":[{"href":"https:\/\/thehighlight.com.do\/site\/wp-json\/wp\/v2\/media?parent=1358"}],"curies":[{"name":"wp","href":"https:\/\/api.w.org\/{rel}","templated":true}]}}